{"id":638,"date":"2026-03-09T13:29:06","date_gmt":"2026-03-09T12:29:06","guid":{"rendered":"http:\/\/vermec.be\/nieuws\/"},"modified":"2026-05-07T13:53:27","modified_gmt":"2026-05-07T11:53:27","slug":"news","status":"publish","type":"page","link":"https:\/\/vermec.be\/en\/news\/","title":{"rendered":"News"},"content":{"rendered":"\t\t<div data-elementor-type=\"wp-page\" data-elementor-id=\"638\" class=\"elementor elementor-638 elementor-100\" data-elementor-settings=\"{&quot;element_pack_global_tooltip_width&quot;:{&quot;unit&quot;:&quot;px&quot;,&quot;size&quot;:&quot;&quot;,&quot;sizes&quot;:[]},&quot;element_pack_global_tooltip_width_tablet&quot;:{&quot;unit&quot;:&quot;px&quot;,&quot;size&quot;:&quot;&quot;,&quot;sizes&quot;:[]},&quot;element_pack_global_tooltip_width_mobile&quot;:{&quot;unit&quot;:&quot;px&quot;,&quot;size&quot;:&quot;&quot;,&quot;sizes&quot;:[]},&quot;element_pack_global_tooltip_padding&quot;:{&quot;unit&quot;:&quot;px&quot;,&quot;top&quot;:&quot;&quot;,&quot;right&quot;:&quot;&quot;,&quot;bottom&quot;:&quot;&quot;,&quot;left&quot;:&quot;&quot;,&quot;isLinked&quot;:true},&quot;element_pack_global_tooltip_padding_tablet&quot;:{&quot;unit&quot;:&quot;px&quot;,&quot;top&quot;:&quot;&quot;,&quot;right&quot;:&quot;&quot;,&quot;bottom&quot;:&quot;&quot;,&quot;left&quot;:&quot;&quot;,&quot;isLinked&quot;:true},&quot;element_pack_global_tooltip_padding_mobile&quot;:{&quot;unit&quot;:&quot;px&quot;,&quot;top&quot;:&quot;&quot;,&quot;right&quot;:&quot;&quot;,&quot;bottom&quot;:&quot;&quot;,&quot;left&quot;:&quot;&quot;,&quot;isLinked&quot;:true},&quot;element_pack_global_tooltip_border_radius&quot;:{&quot;unit&quot;:&quot;px&quot;,&quot;top&quot;:&quot;&quot;,&quot;right&quot;:&quot;&quot;,&quot;bottom&quot;:&quot;&quot;,&quot;left&quot;:&quot;&quot;,&quot;isLinked&quot;:true},&quot;element_pack_global_tooltip_border_radius_tablet&quot;:{&quot;unit&quot;:&quot;px&quot;,&quot;top&quot;:&quot;&quot;,&quot;right&quot;:&quot;&quot;,&quot;bottom&quot;:&quot;&quot;,&quot;left&quot;:&quot;&quot;,&quot;isLinked&quot;:true},&quot;element_pack_global_tooltip_border_radius_mobile&quot;:{&quot;unit&quot;:&quot;px&quot;,&quot;top&quot;:&quot;&quot;,&quot;right&quot;:&quot;&quot;,&quot;bottom&quot;:&quot;&quot;,&quot;left&quot;:&quot;&quot;,&quot;isLinked&quot;:true}}\" data-elementor-post-type=\"page\">\n\t\t\t\t<div class=\"elementor-element elementor-element-4f81097 e-flex e-con-boxed e-con e-parent\" data-id=\"4f81097\" data-element_type=\"container\" data-e-type=\"container\">\n\t\t\t\t\t<div class=\"e-con-inner\">\n\t\t\t\t<div class=\"elementor-element elementor-element-ff4742c elementor-widget elementor-widget-heading\" data-id=\"ff4742c\" data-element_type=\"widget\" data-e-type=\"widget\" data-widget_type=\"heading.default\">\n\t\t\t\t\t<h1 class=\"elementor-heading-title elementor-size-default\">News<\/h1>\t\t\t\t<\/div>\n\t\t\t\t<div class=\"elementor-element elementor-element-a83e3e1 elementor-widget__width-initial elementor-widget-tablet__width-inherit elementor-widget elementor-widget-text-editor\" data-id=\"a83e3e1\" data-element_type=\"widget\" data-e-type=\"widget\" data-widget_type=\"text-editor.default\">\n\t\t\t\t\t\t\t\t\t<p>Stay up to date on the latest developments regarding Vermec and our portfolio companies. Below you will find press releases, media appearances, and relevant articles.<\/p>\t\t\t\t\t\t\t\t<\/div>\n\t\t\t\t\t<\/div>\n\t\t\t\t<\/div>\n\t\t<div class=\"elementor-element elementor-element-6888cfa e-flex e-con-boxed e-con e-parent\" data-id=\"6888cfa\" data-element_type=\"container\" data-e-type=\"container\">\n\t\t\t\t\t<div class=\"e-con-inner\">\n\t\t\t\t<div data-dce-background-color=\"#02010100\" class=\"elementor-element elementor-element-9f47f86 no ui-e-apg-classic ui-e-img-anim-zoom elementor-widget elementor-widget-uicore-advanced-post-grid woocommerce elementor-widget-uicore-advanced-post-grid\" data-id=\"9f47f86\" data-element_type=\"widget\" data-e-type=\"widget\" data-settings=\"{&quot;masonry&quot;:&quot;no&quot;}\" data-widget_type=\"uicore-advanced-post-grid.default\">\n\t\t\t\t\t            <div class=\"ui-e-adv-grid \">\n                \n                <div class=\"ui-e-post-item ui-e-item ui-e-animations-wrp  \">\n                    <article class=\"post-659 post type-post status-publish format-standard hentry category-ongecategoriseerd\">\n                        <div class=\"ui-e-post-top\">\n                                                                                <\/div>\n\n                        \n                        <div class=\"ui-e-post-content\">\n\n                                                                <a href=\"https:\/\/vermec.be\/en\/british-investor-joins-belgiums-largest-funeral-services-company-sereni\/\" title=\"View Post:British investor joins Belgium&#8217;s largest funeral services company, Sereni\">\n            <h4 class=\"ui-e-post-title\">\n                <span> British investor joins Belgium&#8217;s largest funeral services company, Sereni <\/span>\n            <\/h4>\n        <\/a>\n                                <div class=\"ui-e-meta-wrapp\"><div class=\"ui-e-post-meta ui-e-after_title\"><div class=\"ui-e-meta-item\">6 March, 2026<\/div><\/div><\/div>                                                                                            <a href=\"https:\/\/vermec.be\/en\/british-investor-joins-belgiums-largest-funeral-services-company-sereni\/\" class=\"elementor-button-link elementor-button ui-e-readmore\" role=\"button\">\n            <span class=\"elementor-button-content-wrapper elementor-button-content\"><span class=\"elementor-button-icon elementor-align-icon-row-reverse\"><i aria-hidden=\"true\" class=\"lu lu-arrow-up-right\"><\/i><\/span><span class=\"elementor-button-text\">Read article<\/span> <\/span>        <\/a>\n                                <\/div>\n                    <\/article>\n                <\/div>\n\n                \n                <div class=\"ui-e-post-item ui-e-item ui-e-animations-wrp  \">\n                    <article class=\"post-804 post type-post status-publish format-standard hentry category-ongecategoriseerd\">\n                        <div class=\"ui-e-post-top\">\n                                                                                <\/div>\n\n                        \n                        <div class=\"ui-e-post-content\">\n\n                                                                <a href=\"https:\/\/vermec.be\/en\/antwerp-real-estate-fund-smartunit-buys-first-sme-parks-in-austria\/\" title=\"View Post:Antwerp real estate fund SmartUnit buys first SME parks in Austria\">\n            <h4 class=\"ui-e-post-title\">\n                <span> Antwerp real estate fund SmartUnit buys first SME parks in Austria <\/span>\n            <\/h4>\n        <\/a>\n                                <div class=\"ui-e-meta-wrapp\"><div class=\"ui-e-post-meta ui-e-after_title\"><div class=\"ui-e-meta-item\">3 July, 2025<\/div><\/div><\/div>                                                                                            <a href=\"https:\/\/vermec.be\/en\/antwerp-real-estate-fund-smartunit-buys-first-sme-parks-in-austria\/\" class=\"elementor-button-link elementor-button ui-e-readmore\" role=\"button\">\n            <span class=\"elementor-button-content-wrapper elementor-button-content\"><span class=\"elementor-button-icon elementor-align-icon-row-reverse\"><i aria-hidden=\"true\" class=\"lu lu-arrow-up-right\"><\/i><\/span><span class=\"elementor-button-text\">Read article<\/span> <\/span>        <\/a>\n                                <\/div>\n                    <\/article>\n                <\/div>\n\n                \n                <div class=\"ui-e-post-item ui-e-item ui-e-animations-wrp  \">\n                    <article class=\"post-798 post type-post status-publish format-standard hentry category-ongecategoriseerd\">\n                        <div class=\"ui-e-post-top\">\n                                                                                <\/div>\n\n                        \n                        <div class=\"ui-e-post-content\">\n\n                                                                <a href=\"https:\/\/vermec.be\/en\/eternal-sun-strengthens-growth-strategy-with-bolster-investment-partners\/\" title=\"View Post:Eternal Sun strengthens growth strategy with Bolster Investment Partners\">\n            <h4 class=\"ui-e-post-title\">\n                <span> Eternal Sun strengthens growth strategy with Bolster Investment Partners <\/span>\n            <\/h4>\n        <\/a>\n                                <div class=\"ui-e-meta-wrapp\"><div class=\"ui-e-post-meta ui-e-after_title\"><div class=\"ui-e-meta-item\">8 May, 2025<\/div><\/div><\/div>                                                                                            <a href=\"https:\/\/vermec.be\/en\/eternal-sun-strengthens-growth-strategy-with-bolster-investment-partners\/\" class=\"elementor-button-link elementor-button ui-e-readmore\" role=\"button\">\n            <span class=\"elementor-button-content-wrapper elementor-button-content\"><span class=\"elementor-button-icon elementor-align-icon-row-reverse\"><i aria-hidden=\"true\" class=\"lu lu-arrow-up-right\"><\/i><\/span><span class=\"elementor-button-text\">Read article<\/span> <\/span>        <\/a>\n                                <\/div>\n                    <\/article>\n                <\/div>\n\n                \n                <div class=\"ui-e-post-item ui-e-item ui-e-animations-wrp  \">\n                    <article class=\"post-664 post type-post status-publish format-standard hentry category-ongecategoriseerd\">\n                        <div class=\"ui-e-post-top\">\n                                                                                <\/div>\n\n                        \n                        <div class=\"ui-e-post-content\">\n\n                                                                <a href=\"https:\/\/vermec.be\/en\/family-change-in-capital-of-road-builder-viabuild\/\" title=\"View Post:Family change in capital of road builder Viabuild\">\n            <h4 class=\"ui-e-post-title\">\n                <span> Family change in capital of road builder Viabuild <\/span>\n            <\/h4>\n        <\/a>\n                                <div class=\"ui-e-meta-wrapp\"><div class=\"ui-e-post-meta ui-e-after_title\"><div class=\"ui-e-meta-item\">29 January, 2025<\/div><\/div><\/div>                                                                                            <a href=\"https:\/\/vermec.be\/en\/family-change-in-capital-of-road-builder-viabuild\/\" class=\"elementor-button-link elementor-button ui-e-readmore\" role=\"button\">\n            <span class=\"elementor-button-content-wrapper elementor-button-content\"><span class=\"elementor-button-icon elementor-align-icon-row-reverse\"><i aria-hidden=\"true\" class=\"lu lu-arrow-up-right\"><\/i><\/span><span class=\"elementor-button-text\">Read article<\/span> <\/span>        <\/a>\n                                <\/div>\n                    <\/article>\n                <\/div>\n\n                \n                <div class=\"ui-e-post-item ui-e-item ui-e-animations-wrp  \">\n                    <article class=\"post-662 post type-post status-publish format-standard hentry category-ongecategoriseerd\">\n                        <div class=\"ui-e-post-top\">\n                                                                                <\/div>\n\n                        \n                        <div class=\"ui-e-post-content\">\n\n                                                                <a href=\"https:\/\/vermec.be\/en\/de-spoelberch-family-commits-to-belgian-and-german-veterinarians\/\" title=\"View Post:De Spoelberch family commits to Belgian and German veterinarians\">\n            <h4 class=\"ui-e-post-title\">\n                <span> De Spoelberch family commits to Belgian and German veterinarians <\/span>\n            <\/h4>\n        <\/a>\n                                <div class=\"ui-e-meta-wrapp\"><div class=\"ui-e-post-meta ui-e-after_title\"><div class=\"ui-e-meta-item\">23 October, 2023<\/div><\/div><\/div>                                                                                            <a href=\"https:\/\/vermec.be\/en\/de-spoelberch-family-commits-to-belgian-and-german-veterinarians\/\" class=\"elementor-button-link elementor-button ui-e-readmore\" role=\"button\">\n            <span class=\"elementor-button-content-wrapper elementor-button-content\"><span class=\"elementor-button-icon elementor-align-icon-row-reverse\"><i aria-hidden=\"true\" class=\"lu lu-arrow-up-right\"><\/i><\/span><span class=\"elementor-button-text\">Read article<\/span> <\/span>        <\/a>\n                                <\/div>\n                    <\/article>\n                <\/div>\n\n                \n                <div class=\"ui-e-post-item ui-e-item ui-e-animations-wrp  \">\n                    <article class=\"post-666 post type-post status-publish format-standard hentry category-ongecategoriseerd\">\n                        <div class=\"ui-e-post-top\">\n                                                                                <\/div>\n\n                        \n                        <div class=\"ui-e-post-content\">\n\n                                                                <a href=\"https:\/\/vermec.be\/en\/sereni-flemish-ambassador-for-medium-sized-businesses-pioneers-in-the-funeral-industry\/\" title=\"View Post:Sereni: Flemish Ambassador for \u201cMedium-Sized Businesses\u201d Pioneers in the Funeral Industry\">\n            <h4 class=\"ui-e-post-title\">\n                <span> Sereni: Flemish Ambassador for \u201cMedium-Sized Businesses\u201d Pioneers in the Funeral Industry <\/span>\n            <\/h4>\n        <\/a>\n                                <div class=\"ui-e-meta-wrapp\"><div class=\"ui-e-post-meta ui-e-after_title\"><div class=\"ui-e-meta-item\">5 May, 2022<\/div><\/div><\/div>                                                                                            <a href=\"https:\/\/vermec.be\/en\/sereni-flemish-ambassador-for-medium-sized-businesses-pioneers-in-the-funeral-industry\/\" class=\"elementor-button-link elementor-button ui-e-readmore\" role=\"button\">\n            <span class=\"elementor-button-content-wrapper elementor-button-content\"><span class=\"elementor-button-icon elementor-align-icon-row-reverse\"><i aria-hidden=\"true\" class=\"lu lu-arrow-up-right\"><\/i><\/span><span class=\"elementor-button-text\">Read article<\/span> <\/span>        <\/a>\n                                <\/div>\n                    <\/article>\n                <\/div>\n\n                            <\/div>\n\t\t\t\t<\/div>\n\t\t\t\t\t<\/div>\n\t\t\t\t<\/div>\n\t\t\t\t<\/div>\n\t\t","protected":false},"excerpt":{"rendered":"<p>News Stay up to date on the latest developments regarding Vermec and our portfolio companies. Below you will find press releases, media appearances, and relevant articles. Un investisseur britannique rejoint Sereni, la plus grande entreprise de pompes fun\u00e8bres belge 6 maart, 2026 Read article Changement familial au sein de la soci\u00e9t\u00e9 de capital Viabuild 29 [&hellip;]<\/p>\n","protected":false},"author":1,"featured_media":0,"parent":0,"menu_order":0,"comment_status":"closed","ping_status":"closed","template":"","meta":{"_acf_changed":false,"footnotes":""},"class_list":["post-638","page","type-page","status-publish","hentry"],"acf":[],"_links":{"self":[{"href":"https:\/\/vermec.be\/en\/wp-json\/wp\/v2\/pages\/638","targetHints":{"allow":["GET"]}}],"collection":[{"href":"https:\/\/vermec.be\/en\/wp-json\/wp\/v2\/pages"}],"about":[{"href":"https:\/\/vermec.be\/en\/wp-json\/wp\/v2\/types\/page"}],"author":[{"embeddable":true,"href":"https:\/\/vermec.be\/en\/wp-json\/wp\/v2\/users\/1"}],"replies":[{"embeddable":true,"href":"https:\/\/vermec.be\/en\/wp-json\/wp\/v2\/comments?post=638"}],"version-history":[{"count":8,"href":"https:\/\/vermec.be\/en\/wp-json\/wp\/v2\/pages\/638\/revisions"}],"predecessor-version":[{"id":871,"href":"https:\/\/vermec.be\/en\/wp-json\/wp\/v2\/pages\/638\/revisions\/871"}],"wp:attachment":[{"href":"https:\/\/vermec.be\/en\/wp-json\/wp\/v2\/media?parent=638"}],"curies":[{"name":"wp","href":"https:\/\/api.w.org\/{rel}","templated":true}]}}